{"id":6,"date":"2016-05-18T15:33:37","date_gmt":"2016-05-18T14:33:37","guid":{"rendered":"https:\/\/www.demenagement-paris.be\/?page_id=6"},"modified":"2022-04-20T22:43:23","modified_gmt":"2022-04-20T21:43:23","slug":"demenageur","status":"publish","type":"page","link":"https:\/\/www.demenagement-paris.be\/","title":{"rendered":"Demenageur"},"content":{"rendered":"<p>Ne pensez plus \u00e0 calculer \u00e0 l\u2019avance les d\u00e9penses que va engendrer votre d\u00e9m\u00e9nagement <a href=\"https:\/\/demenageur.com\">demenageur.com<\/a>\u00a0.<\/p>\n<h2>Faites un devis gratuitement chez les services de d\u00e9m\u00e9nageurs.<\/h2>\n<p>En effet, d\u00e9m\u00e9nager implique des co\u00fbts tels que les frais de d\u00e9placement, les cartons de d\u00e9m\u00e9nagement , les risques de casse, et le changement d\u2019adresse, voire des impr\u00e9vus qui vont bascul\u00e9 les comptes pr\u00e9\u00e9tablis. Des prestataires de services sp\u00e9cialis\u00e9s dans ce domaine se chargeront de votre d\u00e9logement \u00e0 votre place : les d\u00e9m\u00e9nageurs\u00a0. Ils accompagneront de A \u00e0 Z chacun des clients et font en sorte de coordonner, conseiller, diriger, et superviser le projet en entier. Un support humain sera mis \u00e0 disposition pour les activit\u00e9s n\u00e9cessitant un effort physique notamment l\u2019acheminement vers le moyen de transport ad\u00e9quat aux situations telles qu\u2019elles soient. Ajout\u00e9e \u00e0 cela, une assurance couvrira vos biens, ce qui procure un sentiment de s\u00e9curit\u00e9 vis-\u00e0-vis des casses probables en cours de route. Une cl\u00e9 en main est ainsi accord\u00e9e.<\/p>\n<h2>La n\u00e9cessit\u00e9 des d\u00e9m\u00e9nageurs dans chaque \u00e9tape cruciale du d\u00e9m\u00e9nagement<\/h2>\n<p>Il comporte en g\u00e9n\u00e9ral trois \u00e9tapes nettement distinctes l\u2019une des autres. L\u2019emballage et le chargement, le transportent et enfin le d\u00e9chargement et le d\u00e9paquetage. Recourir au service de d\u00e9m\u00e9nageurs se trouve b\u00e9n\u00e9fique, et cela le long des \u00e9tapes du d\u00e9m\u00e9nagement. Ils fournissent des cartons de d\u00e9m\u00e9nagement major\u00e9s des services d\u2019accompagnement selon les d\u00e9sirs de la client\u00e8le. Ces cartons seront livr\u00e9s directement et en temps optimal chez le contractant. Le choix se porte entre emballer soi-m\u00eame ou solliciter l\u2019aide de l\u2019entreprise de d\u00e9m\u00e9nagement. Cela figure dans les options choisies par ce dernier. Des conseils et astuces d\u2019empaquetage sont \u00e9galement \u00e9mises. Les objets valeureux et fragiles doivent \u00eatre mis en paquets discr\u00e8tement. Le jour J, le chargement des mobiliers sont assur\u00e9s. Des outils professionnels comme le diable (outil permettant de monter les marches tout en optimisant les efforts), le chariot roulant, les cordes, le monte-meuble sont utilis\u00e9s pour faciliter l\u2019embarquement et le d\u00e9placement du personnel de terrain. Sangles et couvertures prot\u00e8geront contre la mobilit\u00e9 et amortiront les coups lors des transports secou\u00e9s et routes enclav\u00e9es. Le moyen de transport sera \u00e9tudi\u00e9 selon le cas et fix\u00e9 selon le budget. Des facilit\u00e9s sont n\u00e9anmoins accord\u00e9es en termes de voyage simple pour ceux qui quittent une ville pour en rejoindre une assez \u00e9loign\u00e9e. Ce qui permet une \u00e9conomie de temps, de carburant, de force, et de co\u00fbt. Le d\u00e9chargement et d\u00e9paquetage se font une ou deux semaines apr\u00e8s le d\u00e9m\u00e9nagement, mais peut recourir \u00e0 la participation de l\u2019\u00e9quipe d\u00e9m\u00e9nagement si besoin. Un appartement de stockage peut \u00eatre disponible o\u00f9 se situeront temporairement les meubles et cartons afin de ne pas encombrer le nouveau local du client.<\/p>\n<h2>Les d\u00e9m\u00e9nageurs, une entreprise de service \u00e0 part enti\u00e8re<\/h2>\n<p>Ils constituent un ensemble homog\u00e8ne d\u2019entreprises qui se chargent du d\u00e9m\u00e9nagement. Leur engagement se situe sur la satisfaction des besoins et exigences de leurs clients, tout en offrant des services l\u00e9gaux et suivants des normes exig\u00e9es par la loi. R\u00e9put\u00e9s pour octroyer des aides \u00e0 aspects physiques tels le transport et l\u2019am\u00e9nagement, ils sont cependant aussi responsables des aspects administratifs du d\u00e9m\u00e9nagement : le r\u00e9abonnement aux services usuels tels l\u2019eau et \u00e9lectricit\u00e9, les services postaux et fiscaux ; et l\u2019information des organismes pouvant \u00eatre sensible \u00e0 ce fait. L\u2019entreprise de d\u00e9m\u00e9nagement s\u2019oblige \u00e0 accompagner son client d\u00e8s son entr\u00e9e jusqu\u2019aux services post-d\u00e9m\u00e9nagements. Apr\u00e8s le transbordement, le recours \u00e0 leurs services est encore possible. Les d\u00e9m\u00e9nageurs sont particuli\u00e8rement responsables du chargement et du transport du mobilier lors d\u2019un contrat. Aucun mobilier ne doit \u00eatre endommag\u00e9 et ne fera l\u2019objet d\u2019une r\u00e9clamation si le cas se pr\u00e9sente. Ces derniers peuvent aussi exiger un surplus d\u2019offres sous engagement ou pr\u00e9cis\u00e9ment sous contrat (obligatoirement respect\u00e9 par les parties), et cela en contrepartie d\u2019une entente ou d\u2019une majoration des co\u00fbts. Sp\u00e9cialiste du d\u00e9m\u00e9nagement, ils s\u2019engagent \u00e0 structurer de A \u00e0 Z une situation qu\u2019ils doivent assurer en temps r\u00e9el et en terme de qualit\u00e9 y aff\u00e9rent. En qu\u00eate d\u2019un groupe de professionnels en la mati\u00e8re ? Ou en besoin de d\u00e9m\u00e9nager dans le calme et sans souci ? Veuillez recourir \u00e0 leur secours et b\u00e9n\u00e9ficiez de plus que ceux \u00e0 quoi vous vous attendiez. Un service hors pair, la serviabilit\u00e9 et surtout professionnalisme feront la paille sur lequel vous pouvez poser la t\u00eate. Un personnel qualifi\u00e9 et en connaissance de cause sera ravis de vous accueillir et vous offrir des services d\u00fbment adapt\u00e9s \u00e0 vos besoins et vos budgets.<\/p>\n","protected":false},"excerpt":{"rendered":"<p>Ne pensez plus \u00e0 calculer \u00e0 l\u2019avance les d\u00e9penses que va engendrer votre d\u00e9m\u00e9nagement demenageur.com\u00a0. Faites un devis gratuitement chez les services de d\u00e9m\u00e9nageurs. En effet, d\u00e9m\u00e9nager implique des co\u00fbts tels que les frais de d\u00e9placement, les cartons de d\u00e9m\u00e9nagement , les risques de casse, et le changement d\u2019adresse, voire des impr\u00e9vus qui vont bascul\u00e9 &hellip; <a href=\"https:\/\/www.demenagement-paris.be\/\" class=\"more-link\">Continue reading <span class=\"screen-reader-text\">Demenageur<\/span> <span class=\"meta-nav\">&rarr;<\/span><\/a><\/p>\n","protected":false},"author":1,"featured_media":0,"parent":0,"menu_order":0,"comment_status":"closed","ping_status":"closed","template":"","meta":{"_seopress_robots_primary_cat":"","_seopress_titles_title":"","_seopress_titles_desc":"","_seopress_robots_index":"","footnotes":""},"class_list":["post-6","page","type-page","status-publish","hentry"],"_links":{"self":[{"href":"https:\/\/www.demenagement-paris.be\/index.php\/wp-json\/wp\/v2\/pages\/6","targetHints":{"allow":["GET"]}}],"collection":[{"href":"https:\/\/www.demenagement-paris.be\/index.php\/wp-json\/wp\/v2\/pages"}],"about":[{"href":"https:\/\/www.demenagement-paris.be\/index.php\/wp-json\/wp\/v2\/types\/page"}],"author":[{"embeddable":true,"href":"https:\/\/www.demenagement-paris.be\/index.php\/wp-json\/wp\/v2\/users\/1"}],"replies":[{"embeddable":true,"href":"https:\/\/www.demenagement-paris.be\/index.php\/wp-json\/wp\/v2\/comments?post=6"}],"version-history":[{"count":4,"href":"https:\/\/www.demenagement-paris.be\/index.php\/wp-json\/wp\/v2\/pages\/6\/revisions"}],"predecessor-version":[{"id":15,"href":"https:\/\/www.demenagement-paris.be\/index.php\/wp-json\/wp\/v2\/pages\/6\/revisions\/15"}],"wp:attachment":[{"href":"https:\/\/www.demenagement-paris.be\/index.php\/wp-json\/wp\/v2\/media?parent=6"}],"curies":[{"name":"wp","href":"https:\/\/api.w.org\/{rel}","templated":true}]}}